{"id":9407,"date":"2021-12-02T13:26:19","date_gmt":"2021-12-02T13:26:19","guid":{"rendered":"https:\/\/pexly.com\/omnikanal\/e-mail\/"},"modified":"2023-05-04T16:55:23","modified_gmt":"2023-05-04T16:55:23","slug":"e-mail","status":"publish","type":"page","link":"https:\/\/pexlysupport.com\/de\/omnikanal\/e-mail\/","title":{"rendered":"E-mail"},"content":{"rendered":"<p>[et_pb_section fb_built=&#8221;1&#8243; fullwidth=&#8221;on&#8221; _builder_version=&#8221;4.16&#8243; _module_preset=&#8221;default&#8221; background_enable_color=&#8221;off&#8221; z_index=&#8221;9999&#8243; global_colors_info=&#8221;{}&#8221;][et_pb_fullwidth_slider arrows_custom_color=&#8221;#000000&#8243; dot_nav_custom_color=&#8221;#000000&#8243; _builder_version=&#8221;4.18.0&#8243; _module_preset=&#8221;default&#8221; header_level=&#8221;h1&#8243; header_text_align=&#8221;left&#8221; header_font_size=&#8221;36px&#8221; background_enable_color=&#8221;off&#8221; button_alignment=&#8221;left&#8221; text_orientation=&#8221;left&#8221; content_width=&#8221;100%&#8221; content_max_width=&#8221;1240px&#8221; min_height=&#8221;540px&#8221; min_height_tablet=&#8221;&#8221; min_height_phone=&#8221;340px&#8221; min_height_last_edited=&#8221;on|phone&#8221; height=&#8221;540px&#8221; max_height=&#8221;540px&#8221; hover_enabled=&#8221;0&#8243; global_colors_info=&#8221;{}&#8221; sticky_enabled=&#8221;0&#8243;][et_pb_slide heading=&#8221;E-Mail Support Dienst&#8221; button_text=&#8221;ANGEBOT EINHOLEN&#8221; button_link=&#8221;\/de\/quote\/&#8221; use_bg_overlay=&#8221;on&#8221; bg_overlay_color=&#8221;rgba(0,0,0,0.4)&#8221; _builder_version=&#8221;4.18.0&#8243; _module_preset=&#8221;default&#8221; background_color=&#8221;rgba(0,0,0,0.65)&#8221; background_enable_color=&#8221;on&#8221; background_image=&#8221;https:\/\/pexlysupport.com\/wp-content\/uploads\/2021\/12\/slider-e-mial-service.jpg&#8221; background_enable_image=&#8221;on&#8221; background_blend=&#8221;overlay&#8221; text_orientation=&#8221;left&#8221; width=&#8221;1240px&#8221; max_width=&#8221;1240px&#8221; custom_padding=&#8221;8%|0px||0px|false|false&#8221; hover_enabled=&#8221;0&#8243; background_enable_image_phone=&#8221;off&#8221; global_colors_info=&#8221;{}&#8221; sticky_transition=&#8221;on&#8221; sticky_enabled=&#8221;0&#8243;]<\/p>\n<p><span>Wenn sich Kunden per E-Mail an Unternehmen wenden, erwarten sie innerhalb weniger Stunden eine kompetente Antwort.<\/span><br \/><span>Dies ist f\u00fcr viele Unternehmen eine Herausforderung, da sie mit E-Mails \u00fcberschwemmt werden und nicht \u00fcber ausreichend<\/span><br \/><span>personelle Ressourcen verf\u00fcgen, um die Menge an E-Mails zu beantworten, mit der sie konfrontiert werden.<\/span><br \/><span>Unser E-Mail Support Dienst kann Ihrem Team helfen alle von Ihren Kunden erhaltene E-Mails innerhalb<\/span><br \/><span>des von Ihnen festgelegten Zeitrahmens und in der von Ihnen gew\u00fcnschten Form zu beantworten.<\/span><\/p>\n<p>[\/et_pb_slide][\/et_pb_fullwidth_slider][\/et_pb_section][et_pb_section fb_built=&#8221;1&#8243; admin_label=&#8221;Breadcrumbs and intro text&#8221; _builder_version=&#8221;4.16&#8243; _module_preset=&#8221;default&#8221; background_color=&#8221;#f4f4f4&#8243; custom_margin=&#8221;-45px||||false|false&#8221; custom_padding=&#8221;||||false|false&#8221; global_colors_info=&#8221;{}&#8221;][et_pb_row _builder_version=&#8221;4.16&#8243; _module_preset=&#8221;default&#8221; custom_margin=&#8221;0px||0px||false|false&#8221; global_colors_info=&#8221;{}&#8221;][et_pb_column type=&#8221;4_4&#8243; _builder_version=&#8221;4.16&#8243; _module_preset=&#8221;default&#8221; global_colors_info=&#8221;{}&#8221;][et_pb_dcsbcm_divi_breadcrumbs_module _builder_version=&#8221;4.16&#8243; _module_preset=&#8221;default&#8221; custom_margin=&#8221;12px||12px||false|false&#8221; global_colors_info=&#8221;{}&#8221;][\/et_pb_dcsbcm_divi_breadcrumbs_module][et_pb_text _builder_version=&#8221;4.16&#8243; _module_preset=&#8221;default&#8221; global_colors_info=&#8221;{}&#8221;]<\/p>\n<h2><span data-sheets-value=\"{&quot;1&quot;:2,&quot;2&quot;:&quot;E-Mail Kommunikation&quot;}\" data-sheets-userformat=\"{&quot;2&quot;:769,&quot;3&quot;:{&quot;1&quot;:0},&quot;11&quot;:4,&quot;12&quot;:0}\">E-Mail Kommunikation<\/span><\/h2>\n<p><span data-sheets-value=\"{&quot;1&quot;:2,&quot;2&quot;:&quot;E-Mails sind nach wie vor der am h\u00e4ufigsten genutzte Kommunikationskanal im B2B-Segment, werden aber auch von vielen Verbrauchern im B2C-Bereich genutzt.&quot;}\" data-sheets-userformat=\"{&quot;2&quot;:769,&quot;3&quot;:{&quot;1&quot;:0},&quot;11&quot;:4,&quot;12&quot;:0}\">E-Mails sind nach wie vor der am h\u00e4ufigsten genutzte Kommunikationskanal im B2B-Segment, werden aber auch von vielen Verbrauchern im B2C-Bereich genutzt.<\/span><\/p>\n<p>[\/et_pb_text][\/et_pb_column][\/et_pb_row][\/et_pb_section][et_pb_section fb_built=&#8221;1&#8243; _builder_version=&#8221;4.16&#8243; _module_preset=&#8221;default&#8221; global_colors_info=&#8221;{}&#8221;][et_pb_row column_structure=&#8221;1_3,1_3,1_3&#8243; use_custom_gutter=&#8221;on&#8221; make_equal=&#8221;on&#8221; _builder_version=&#8221;4.16&#8243; _module_preset=&#8221;default&#8221; custom_css_main_element=&#8221;margin: auto;&#8221; global_colors_info=&#8221;{}&#8221;][et_pb_column type=&#8221;1_3&#8243; _builder_version=&#8221;4.16&#8243; _module_preset=&#8221;default&#8221; custom_css_main_element=&#8221;align-self: center;&#8221; global_colors_info=&#8221;{}&#8221;][et_pb_text module_class=&#8221;ds-vertical-align&#8221; _builder_version=&#8221;4.16&#8243; _module_preset=&#8221;default&#8221; background_color=&#8221;#f9b931&#8243; min_height=&#8221;100px&#8221; min_height_tablet=&#8221;100px&#8221; min_height_phone=&#8221;100px&#8221; min_height_last_edited=&#8221;on|tablet&#8221; height=&#8221;100px&#8221; height_tablet=&#8221;100px&#8221; height_phone=&#8221;100px&#8221; height_last_edited=&#8221;on|desktop&#8221; max_height=&#8221;100px&#8221; max_height_tablet=&#8221;100px&#8221; max_height_phone=&#8221;100px&#8221; max_height_last_edited=&#8221;on|desktop&#8221; custom_padding=&#8221;||||false|false&#8221; border_radii=&#8221;on|4px|4px|4px|4px&#8221; global_colors_info=&#8221;{}&#8221;]<\/p>\n<h3 style=\"text-align: center;\"><span data-sheets-value=\"{&quot;1&quot;:2,&quot;2&quot;:&quot;Wir sprechen mehr als 30 Sprachen&quot;}\" data-sheets-userformat=\"{&quot;2&quot;:805,&quot;3&quot;:{&quot;1&quot;:0},&quot;5&quot;:{&quot;1&quot;:[{&quot;1&quot;:2,&quot;2&quot;:0,&quot;5&quot;:{&quot;1&quot;:2,&quot;2&quot;:0}},{&quot;1&quot;:0,&quot;2&quot;:0,&quot;3&quot;:3},{&quot;1&quot;:1,&quot;2&quot;:0,&quot;4&quot;:1}]},&quot;8&quot;:{&quot;1&quot;:[{&quot;1&quot;:2,&quot;2&quot;:0,&quot;5&quot;:{&quot;1&quot;:2,&quot;2&quot;:0}},{&quot;1&quot;:0,&quot;2&quot;:0,&quot;3&quot;:3},{&quot;1&quot;:1,&quot;2&quot;:0,&quot;4&quot;:1}]},&quot;11&quot;:4,&quot;12&quot;:0}\"><\/span><\/h3>\n<h3 style=\"text-align: center;\"><span data-sheets-value=\"{&quot;1&quot;:2,&quot;2&quot;:&quot;Wir sprechen mehr als 30 Sprachen&quot;}\" data-sheets-userformat=\"{&quot;2&quot;:805,&quot;3&quot;:{&quot;1&quot;:0},&quot;5&quot;:{&quot;1&quot;:[{&quot;1&quot;:2,&quot;2&quot;:0,&quot;5&quot;:{&quot;1&quot;:2,&quot;2&quot;:0}},{&quot;1&quot;:0,&quot;2&quot;:0,&quot;3&quot;:3},{&quot;1&quot;:1,&quot;2&quot;:0,&quot;4&quot;:1}]},&quot;8&quot;:{&quot;1&quot;:[{&quot;1&quot;:2,&quot;2&quot;:0,&quot;5&quot;:{&quot;1&quot;:2,&quot;2&quot;:0}},{&quot;1&quot;:0,&quot;2&quot;:0,&quot;3&quot;:3},{&quot;1&quot;:1,&quot;2&quot;:0,&quot;4&quot;:1}]},&quot;11&quot;:4,&quot;12&quot;:0}\"><\/span><\/h3>\n<h3 style=\"text-align: center;\"><span data-sheets-value=\"{&quot;1&quot;:2,&quot;2&quot;:&quot;Wir sprechen mehr als 30 Sprachen&quot;}\" data-sheets-userformat=\"{&quot;2&quot;:805,&quot;3&quot;:{&quot;1&quot;:0},&quot;5&quot;:{&quot;1&quot;:[{&quot;1&quot;:2,&quot;2&quot;:0,&quot;5&quot;:{&quot;1&quot;:2,&quot;2&quot;:0}},{&quot;1&quot;:0,&quot;2&quot;:0,&quot;3&quot;:3},{&quot;1&quot;:1,&quot;2&quot;:0,&quot;4&quot;:1}]},&quot;8&quot;:{&quot;1&quot;:[{&quot;1&quot;:2,&quot;2&quot;:0,&quot;5&quot;:{&quot;1&quot;:2,&quot;2&quot;:0}},{&quot;1&quot;:0,&quot;2&quot;:0,&quot;3&quot;:3},{&quot;1&quot;:1,&quot;2&quot;:0,&quot;4&quot;:1}]},&quot;11&quot;:4,&quot;12&quot;:0}\"><\/span><\/h3>\n<h3 style=\"text-align: center;\"><span data-sheets-value=\"{&quot;1&quot;:2,&quot;2&quot;:&quot;Wir sprechen mehr als 30 Sprachen&quot;}\" data-sheets-userformat=\"{&quot;2&quot;:805,&quot;3&quot;:{&quot;1&quot;:0},&quot;5&quot;:{&quot;1&quot;:[{&quot;1&quot;:2,&quot;2&quot;:0,&quot;5&quot;:{&quot;1&quot;:2,&quot;2&quot;:0}},{&quot;1&quot;:0,&quot;2&quot;:0,&quot;3&quot;:3},{&quot;1&quot;:1,&quot;2&quot;:0,&quot;4&quot;:1}]},&quot;8&quot;:{&quot;1&quot;:[{&quot;1&quot;:2,&quot;2&quot;:0,&quot;5&quot;:{&quot;1&quot;:2,&quot;2&quot;:0}},{&quot;1&quot;:0,&quot;2&quot;:0,&quot;3&quot;:3},{&quot;1&quot;:1,&quot;2&quot;:0,&quot;4&quot;:1}]},&quot;11&quot;:4,&quot;12&quot;:0}\">Wir sprechen mehr als <br \/>20 Sprachen<\/span><\/h3>\n<p>[\/et_pb_text][\/et_pb_column][et_pb_column type=&#8221;1_3&#8243; _builder_version=&#8221;4.16&#8243; _module_preset=&#8221;default&#8221; custom_css_main_element=&#8221;align-self: center;&#8221; global_colors_info=&#8221;{}&#8221;][et_pb_text module_class=&#8221;ds-vertical-align&#8221; _builder_version=&#8221;4.16&#8243; _module_preset=&#8221;default&#8221; background_color=&#8221;#f9b931&#8243; min_height=&#8221;100px&#8221; min_height_tablet=&#8221;100px&#8221; min_height_phone=&#8221;100px&#8221; min_height_last_edited=&#8221;on|phone&#8221; height=&#8221;100px&#8221; height_tablet=&#8221;100px&#8221; height_phone=&#8221;100px&#8221; height_last_edited=&#8221;on|desktop&#8221; max_height=&#8221;100px&#8221; max_height_tablet=&#8221;100px&#8221; max_height_phone=&#8221;100px&#8221; max_height_last_edited=&#8221;on|phone&#8221; custom_margin_tablet=&#8221;&#8221; custom_margin_phone=&#8221;15px||||false|false&#8221; custom_margin_last_edited=&#8221;on|phone&#8221; border_radii=&#8221;on|4px|4px|4px|4px&#8221; global_colors_info=&#8221;{}&#8221;]<\/p>\n<h3 style=\"text-align: center;\"><span data-sheets-value=\"{&quot;1&quot;:2,&quot;2&quot;:&quot;Omnikanal Support (Chat, E-Mail, Telefon, Messenger und soziale Medien)&quot;}\" data-sheets-userformat=\"{&quot;2&quot;:801,&quot;3&quot;:{&quot;1&quot;:0},&quot;8&quot;:{&quot;1&quot;:[{&quot;1&quot;:2,&quot;2&quot;:0,&quot;5&quot;:{&quot;1&quot;:2,&quot;2&quot;:0}},{&quot;1&quot;:0,&quot;2&quot;:0,&quot;3&quot;:3},{&quot;1&quot;:1,&quot;2&quot;:0,&quot;4&quot;:1}]},&quot;11&quot;:4,&quot;12&quot;:0}\"><\/span><\/h3>\n<h3 style=\"text-align: center;\"><span data-sheets-value=\"{&quot;1&quot;:2,&quot;2&quot;:&quot;Omnikanal Support (Chat, E-Mail, Telefon, Messenger und soziale Medien)&quot;}\" data-sheets-userformat=\"{&quot;2&quot;:801,&quot;3&quot;:{&quot;1&quot;:0},&quot;8&quot;:{&quot;1&quot;:[{&quot;1&quot;:2,&quot;2&quot;:0,&quot;5&quot;:{&quot;1&quot;:2,&quot;2&quot;:0}},{&quot;1&quot;:0,&quot;2&quot;:0,&quot;3&quot;:3},{&quot;1&quot;:1,&quot;2&quot;:0,&quot;4&quot;:1}]},&quot;11&quot;:4,&quot;12&quot;:0}\"><\/span><\/h3>\n<h3 style=\"text-align: center;\"><span data-sheets-value=\"{&quot;1&quot;:2,&quot;2&quot;:&quot;Omnikanal Support (Chat, E-Mail, Telefon, Messenger und soziale Medien)&quot;}\" data-sheets-userformat=\"{&quot;2&quot;:801,&quot;3&quot;:{&quot;1&quot;:0},&quot;8&quot;:{&quot;1&quot;:[{&quot;1&quot;:2,&quot;2&quot;:0,&quot;5&quot;:{&quot;1&quot;:2,&quot;2&quot;:0}},{&quot;1&quot;:0,&quot;2&quot;:0,&quot;3&quot;:3},{&quot;1&quot;:1,&quot;2&quot;:0,&quot;4&quot;:1}]},&quot;11&quot;:4,&quot;12&quot;:0}\">Omnikanal Support <br \/>(Chat, E-Mail, Telefon, Messenger und soziale Medien)<\/span><\/h3>\n<p>[\/et_pb_text][\/et_pb_column][et_pb_column type=&#8221;1_3&#8243; _builder_version=&#8221;4.16&#8243; _module_preset=&#8221;default&#8221; custom_css_main_element=&#8221;align-self: center;&#8221; global_colors_info=&#8221;{}&#8221;][et_pb_text module_class=&#8221;ds-vertical-align&#8221; _builder_version=&#8221;4.16&#8243; _module_preset=&#8221;default&#8221; background_color=&#8221;#f9b931&#8243; min_height=&#8221;100px&#8221; min_height_tablet=&#8221;100px&#8221; min_height_phone=&#8221;100px&#8221; min_height_last_edited=&#8221;on|phone&#8221; height=&#8221;100px&#8221; height_tablet=&#8221;100px&#8221; height_phone=&#8221;100px&#8221; height_last_edited=&#8221;on|desktop&#8221; max_height=&#8221;100px&#8221; max_height_tablet=&#8221;100px&#8221; max_height_phone=&#8221;100px&#8221; max_height_last_edited=&#8221;on|desktop&#8221; custom_margin_tablet=&#8221;&#8221; custom_margin_phone=&#8221;15px||||false|false&#8221; custom_margin_last_edited=&#8221;on|phone&#8221; border_radii=&#8221;on|4px|4px|4px|4px&#8221; global_colors_info=&#8221;{}&#8221;]<\/p>\n<h3 style=\"text-align: center;\"><span data-sheets-value=\"{&quot;1&quot;:2,&quot;2&quot;:&quot;24\/7\\n365 Tage im Jahr&quot;}\" data-sheets-userformat=\"{&quot;2&quot;:809,&quot;3&quot;:{&quot;1&quot;:0},&quot;6&quot;:{&quot;1&quot;:[{&quot;1&quot;:2,&quot;2&quot;:0,&quot;5&quot;:{&quot;1&quot;:2,&quot;2&quot;:0}},{&quot;1&quot;:0,&quot;2&quot;:0,&quot;3&quot;:3},{&quot;1&quot;:1,&quot;2&quot;:0,&quot;4&quot;:1}]},&quot;8&quot;:{&quot;1&quot;:[{&quot;1&quot;:2,&quot;2&quot;:0,&quot;5&quot;:{&quot;1&quot;:2,&quot;2&quot;:0}},{&quot;1&quot;:0,&quot;2&quot;:0,&quot;3&quot;:3},{&quot;1&quot;:1,&quot;2&quot;:0,&quot;4&quot;:1}]},&quot;11&quot;:4,&quot;12&quot;:0}\"><\/span><\/h3>\n<h3 style=\"text-align: center;\"><span data-sheets-value=\"{&quot;1&quot;:2,&quot;2&quot;:&quot;24\/7\\n365 Tage im Jahr&quot;}\" data-sheets-userformat=\"{&quot;2&quot;:809,&quot;3&quot;:{&quot;1&quot;:0},&quot;6&quot;:{&quot;1&quot;:[{&quot;1&quot;:2,&quot;2&quot;:0,&quot;5&quot;:{&quot;1&quot;:2,&quot;2&quot;:0}},{&quot;1&quot;:0,&quot;2&quot;:0,&quot;3&quot;:3},{&quot;1&quot;:1,&quot;2&quot;:0,&quot;4&quot;:1}]},&quot;8&quot;:{&quot;1&quot;:[{&quot;1&quot;:2,&quot;2&quot;:0,&quot;5&quot;:{&quot;1&quot;:2,&quot;2&quot;:0}},{&quot;1&quot;:0,&quot;2&quot;:0,&quot;3&quot;:3},{&quot;1&quot;:1,&quot;2&quot;:0,&quot;4&quot;:1}]},&quot;11&quot;:4,&quot;12&quot;:0}\"><\/span><\/h3>\n<h3 style=\"text-align: center;\"><span data-sheets-value=\"{&quot;1&quot;:2,&quot;2&quot;:&quot;24\/7\\n365 Tage im Jahr&quot;}\" data-sheets-userformat=\"{&quot;2&quot;:809,&quot;3&quot;:{&quot;1&quot;:0},&quot;6&quot;:{&quot;1&quot;:[{&quot;1&quot;:2,&quot;2&quot;:0,&quot;5&quot;:{&quot;1&quot;:2,&quot;2&quot;:0}},{&quot;1&quot;:0,&quot;2&quot;:0,&quot;3&quot;:3},{&quot;1&quot;:1,&quot;2&quot;:0,&quot;4&quot;:1}]},&quot;8&quot;:{&quot;1&quot;:[{&quot;1&quot;:2,&quot;2&quot;:0,&quot;5&quot;:{&quot;1&quot;:2,&quot;2&quot;:0}},{&quot;1&quot;:0,&quot;2&quot;:0,&quot;3&quot;:3},{&quot;1&quot;:1,&quot;2&quot;:0,&quot;4&quot;:1}]},&quot;11&quot;:4,&quot;12&quot;:0}\"><\/span><\/h3>\n<h3 style=\"text-align: center;\"><span data-sheets-value=\"{&quot;1&quot;:2,&quot;2&quot;:&quot;24\/7\\n365 Tage im Jahr&quot;}\" data-sheets-userformat=\"{&quot;2&quot;:809,&quot;3&quot;:{&quot;1&quot;:0},&quot;6&quot;:{&quot;1&quot;:[{&quot;1&quot;:2,&quot;2&quot;:0,&quot;5&quot;:{&quot;1&quot;:2,&quot;2&quot;:0}},{&quot;1&quot;:0,&quot;2&quot;:0,&quot;3&quot;:3},{&quot;1&quot;:1,&quot;2&quot;:0,&quot;4&quot;:1}]},&quot;8&quot;:{&quot;1&quot;:[{&quot;1&quot;:2,&quot;2&quot;:0,&quot;5&quot;:{&quot;1&quot;:2,&quot;2&quot;:0}},{&quot;1&quot;:0,&quot;2&quot;:0,&quot;3&quot;:3},{&quot;1&quot;:1,&quot;2&quot;:0,&quot;4&quot;:1}]},&quot;11&quot;:4,&quot;12&quot;:0}\">24\/7<br \/>365 Tage im Jahr<\/span><\/h3>\n<p>[\/et_pb_text][\/et_pb_column][\/et_pb_row][\/et_pb_section][et_pb_section fb_built=&#8221;1&#8243; admin_label=&#8221;Text block 1&#8243; _builder_version=&#8221;4.16&#8243; _module_preset=&#8221;default&#8221; custom_margin=&#8221;-25px||||false|false&#8221; global_colors_info=&#8221;{}&#8221;][et_pb_row column_structure=&#8221;1_2,1_2&#8243; use_custom_gutter=&#8221;on&#8221; gutter_width=&#8221;1&#8243; make_equal=&#8221;on&#8221; _builder_version=&#8221;4.16&#8243; _module_preset=&#8221;default&#8221; global_colors_info=&#8221;{}&#8221;][et_pb_column type=&#8221;1_2&#8243; _builder_version=&#8221;4.16&#8243; _module_preset=&#8221;default&#8221; global_colors_info=&#8221;{}&#8221;][et_pb_text _builder_version=&#8221;4.16&#8243; _module_preset=&#8221;default&#8221; custom_margin=&#8221;|40px|||false|false&#8221; global_colors_info=&#8221;{}&#8221;]<\/p>\n<h2><span data-sheets-value=\"{&quot;1&quot;:2,&quot;2&quot;:&quot;Lassen Sie uns Ihre E-Mails schreiben&quot;}\" data-sheets-userformat=\"{&quot;2&quot;:805,&quot;3&quot;:{&quot;1&quot;:0},&quot;5&quot;:{&quot;1&quot;:[{&quot;1&quot;:2,&quot;2&quot;:0,&quot;5&quot;:{&quot;1&quot;:2,&quot;2&quot;:0}},{&quot;1&quot;:0,&quot;2&quot;:0,&quot;3&quot;:3},{&quot;1&quot;:1,&quot;2&quot;:0,&quot;4&quot;:1}]},&quot;8&quot;:{&quot;1&quot;:[{&quot;1&quot;:2,&quot;2&quot;:0,&quot;5&quot;:{&quot;1&quot;:2,&quot;2&quot;:0}},{&quot;1&quot;:0,&quot;2&quot;:0,&quot;3&quot;:3},{&quot;1&quot;:1,&quot;2&quot;:0,&quot;4&quot;:1}]},&quot;11&quot;:4,&quot;12&quot;:0}\">Lassen Sie uns Ihre E-Mails schreiben<\/span><\/h2>\n<p><span data-sheets-value=\"{&quot;1&quot;:2,&quot;2&quot;:&quot;E-Mail mag zwar veraltet erscheinen, wird aber immer noch von vielen Konsumenten im B2C-Bereich genutzt. Wir k\u00f6nnen Ihnen dabei helfen, sicherzustellen, dass alle E-Mails ihren richtigen Empf\u00e4nger erreichen und rechtzeitig gem\u00e4\u00df den SLAs beantwortet werden. Unsere Plattform erm\u00f6glicht es den f\u00fcr Sie arbeitenden Support Mitarbeitern, schnell Textvorlagen, Links, Handb\u00fccher oder Preislisten aus einer Wissensdatenbank auszuw\u00e4hlen, um schnell antworten zu k\u00f6nnen und dabei die Wahrscheinlichkeit von Fehlinformationen zu minimieren.&quot;}\" data-sheets-userformat=\"{&quot;2&quot;:801,&quot;3&quot;:{&quot;1&quot;:0},&quot;8&quot;:{&quot;1&quot;:[{&quot;1&quot;:2,&quot;2&quot;:0,&quot;5&quot;:{&quot;1&quot;:2,&quot;2&quot;:0}},{&quot;1&quot;:0,&quot;2&quot;:0,&quot;3&quot;:3},{&quot;1&quot;:1,&quot;2&quot;:0,&quot;4&quot;:1}]},&quot;11&quot;:4,&quot;12&quot;:0}\">E-Mail mag zwar veraltet erscheinen, wird aber immer noch von vielen Konsumenten im B2C-Bereich genutzt. Wir k\u00f6nnen Ihnen dabei helfen, sicherzustellen, dass alle E-Mails ihren richtigen Empf\u00e4nger erreichen und rechtzeitig gem\u00e4\u00df den SLAs beantwortet werden. Unsere Plattform erm\u00f6glicht es den f\u00fcr Sie arbeitenden Support Mitarbeitern, schnell Textvorlagen, Links, Handb\u00fccher oder Preislisten aus einer Wissensdatenbank auszuw\u00e4hlen, um schnell antworten zu k\u00f6nnen und dabei die Wahrscheinlichkeit von Fehlinformationen zu minimieren.<\/span><\/p>\n<p>[\/et_pb_text][et_pb_button button_url=&#8221;@ET-DC@eyJkeW5hbWljIjp0cnVlLCJjb250ZW50IjoicG9zdF9saW5rX3VybF9wYWdlIiwic2V0dGluZ3MiOnsicG9zdF9pZCI6IjEzNDgifX0=@&#8221; button_text=&#8221;Angebot einholen&#8221; _builder_version=&#8221;4.18.0&#8243; _dynamic_attributes=&#8221;button_url&#8221; _module_preset=&#8221;default&#8221; custom_margin=&#8221;40px||40px||false|false&#8221; custom_margin_tablet=&#8221;&#8221; custom_margin_phone=&#8221;||40px||false|false&#8221; custom_margin_last_edited=&#8221;on|phone&#8221; global_colors_info=&#8221;{}&#8221;][\/et_pb_button][\/et_pb_column][et_pb_column type=&#8221;1_2&#8243; _builder_version=&#8221;4.16&#8243; _module_preset=&#8221;default&#8221; global_colors_info=&#8221;{}&#8221;][et_pb_image src=&#8221;https:\/\/pexlysupport.com\/wp-content\/uploads\/2021\/12\/pexly-email-customer-support-service.jpg&#8221; title_text=&#8221;Businessman,Hand,Pressing,The,Keyboard,For,Sending,The,E-mail,From&#8221; force_fullwidth=&#8221;on&#8221; _builder_version=&#8221;4.16&#8243; _module_preset=&#8221;default&#8221; custom_margin=&#8221;|||40px|false|false&#8221; custom_margin_tablet=&#8221;&#8221; custom_margin_phone=&#8221;|||0px|false|false&#8221; custom_margin_last_edited=&#8221;on|desktop&#8221; global_colors_info=&#8221;{}&#8221;][\/et_pb_image][\/et_pb_column][\/et_pb_row][\/et_pb_section]<\/p>\n","protected":false},"excerpt":{"rendered":"<p>Wenn sich Kunden per E-Mail an Unternehmen wenden, erwarten sie innerhalb weniger Stunden eine kompetente Antwort.Dies ist f\u00fcr viele Unternehmen eine Herausforderung, da sie mit E-Mails \u00fcberschwemmt werden und nicht \u00fcber ausreichendpersonelle Ressourcen verf\u00fcgen, um die Menge an E-Mails zu beantworten, mit der sie konfrontiert werden.Unser E-Mail Support Dienst kann Ihrem Team helfen alle von [&hellip;]<\/p>\n","protected":false},"author":2,"featured_media":0,"parent":9398,"menu_order":0,"comment_status":"closed","ping_status":"closed","template":"","meta":{"_et_pb_use_builder":"on","_et_pb_old_content":"","_et_gb_content_width":"","content-type":"","inline_featured_image":false,"footnotes":""},"class_list":["post-9407","page","type-page","status-publish","hentry"],"acf":[],"yoast_head":"<!-- This site is optimized with the Yoast SEO plugin v26.6 - https:\/\/yoast.com\/wordpress\/plugins\/seo\/ -->\n<title>E-Mail Support Dienst | Pexly<\/title>\n<meta name=\"description\" content=\"Mit dem E-Mail Support Dienst von Pexly k\u00f6nnen Sie die Konnektivit\u00e4t mit Ihren Kunden steigern. Unser E-Mail Support Team antwortet zeitnah und im Stil Ihres Unternehmens auf alle ihnen zugeteilten E-Mails.\" \/>\n<meta name=\"robots\" content=\"index, follow, max-snippet:-1, max-image-preview:large, max-video-preview:-1\" \/>\n<link rel=\"canonical\" href=\"https:\/\/pexlysupport.com\/de\/omnikanal\/e-mail\/\" \/>\n<meta property=\"og:locale\" content=\"de_DE\" \/>\n<meta property=\"og:type\" content=\"article\" \/>\n<meta property=\"og:title\" content=\"E-Mail Support Dienst | Pexly\" \/>\n<meta property=\"og:description\" content=\"Mit dem E-Mail Support Dienst von Pexly k\u00f6nnen Sie die Konnektivit\u00e4t mit Ihren Kunden steigern. Unser E-Mail Support Team antwortet zeitnah und im Stil Ihres Unternehmens auf alle ihnen zugeteilten E-Mails.\" \/>\n<meta property=\"og:url\" content=\"https:\/\/pexlysupport.com\/de\/omnikanal\/e-mail\/\" \/>\n<meta property=\"og:site_name\" content=\"Pexly OLD\" \/>\n<meta property=\"article:modified_time\" content=\"2023-05-04T16:55:23+00:00\" \/>\n<meta name=\"twitter:card\" content=\"summary_large_image\" \/>\n<meta name=\"twitter:label1\" content=\"Est. reading time\" \/>\n\t<meta name=\"twitter:data1\" content=\"5 minutes\" \/>\n<script type=\"application\/ld+json\" class=\"yoast-schema-graph\">{\"@context\":\"https:\/\/schema.org\",\"@graph\":[{\"@type\":\"WebPage\",\"@id\":\"https:\/\/pexlysupport.com\/de\/omnikanal\/e-mail\/\",\"url\":\"https:\/\/pexlysupport.com\/de\/omnikanal\/e-mail\/\",\"name\":\"E-Mail Support Dienst | Pexly\",\"isPartOf\":{\"@id\":\"https:\/\/old.pexly.com\/#website\"},\"datePublished\":\"2021-12-02T13:26:19+00:00\",\"dateModified\":\"2023-05-04T16:55:23+00:00\",\"description\":\"Mit dem E-Mail Support Dienst von Pexly k\u00f6nnen Sie die Konnektivit\u00e4t mit Ihren Kunden steigern. Unser E-Mail Support Team antwortet zeitnah und im Stil Ihres Unternehmens auf alle ihnen zugeteilten E-Mails.\",\"breadcrumb\":{\"@id\":\"https:\/\/pexlysupport.com\/de\/omnikanal\/e-mail\/#breadcrumb\"},\"inLanguage\":\"de-DE\",\"potentialAction\":[{\"@type\":\"ReadAction\",\"target\":[\"https:\/\/pexlysupport.com\/de\/omnikanal\/e-mail\/\"]}]},{\"@type\":\"BreadcrumbList\",\"@id\":\"https:\/\/pexlysupport.com\/de\/omnikanal\/e-mail\/#breadcrumb\",\"itemListElement\":[{\"@type\":\"ListItem\",\"position\":1,\"name\":\"Omnikanal\",\"item\":\"https:\/\/old.pexly.com\/de\/omnikanal\/\"},{\"@type\":\"ListItem\",\"position\":2,\"name\":\"E-mail\"}]},{\"@type\":\"WebSite\",\"@id\":\"https:\/\/old.pexly.com\/#website\",\"url\":\"https:\/\/old.pexly.com\/\",\"name\":\"Pexly OLD\",\"description\":\"Get your own Customer support team\",\"potentialAction\":[{\"@type\":\"SearchAction\",\"target\":{\"@type\":\"EntryPoint\",\"urlTemplate\":\"https:\/\/old.pexly.com\/?s={search_term_string}\"},\"query-input\":{\"@type\":\"PropertyValueSpecification\",\"valueRequired\":true,\"valueName\":\"search_term_string\"}}],\"inLanguage\":\"de-DE\"}]}<\/script>\n<!-- \/ Yoast SEO plugin. -->","yoast_head_json":{"title":"E-Mail Support Dienst | Pexly","description":"Mit dem E-Mail Support Dienst von Pexly k\u00f6nnen Sie die Konnektivit\u00e4t mit Ihren Kunden steigern. Unser E-Mail Support Team antwortet zeitnah und im Stil Ihres Unternehmens auf alle ihnen zugeteilten E-Mails.","robots":{"index":"index","follow":"follow","max-snippet":"max-snippet:-1","max-image-preview":"max-image-preview:large","max-video-preview":"max-video-preview:-1"},"canonical":"https:\/\/pexlysupport.com\/de\/omnikanal\/e-mail\/","og_locale":"de_DE","og_type":"article","og_title":"E-Mail Support Dienst | Pexly","og_description":"Mit dem E-Mail Support Dienst von Pexly k\u00f6nnen Sie die Konnektivit\u00e4t mit Ihren Kunden steigern. Unser E-Mail Support Team antwortet zeitnah und im Stil Ihres Unternehmens auf alle ihnen zugeteilten E-Mails.","og_url":"https:\/\/pexlysupport.com\/de\/omnikanal\/e-mail\/","og_site_name":"Pexly OLD","article_modified_time":"2023-05-04T16:55:23+00:00","twitter_card":"summary_large_image","twitter_misc":{"Est. reading time":"5 minutes"},"schema":{"@context":"https:\/\/schema.org","@graph":[{"@type":"WebPage","@id":"https:\/\/pexlysupport.com\/de\/omnikanal\/e-mail\/","url":"https:\/\/pexlysupport.com\/de\/omnikanal\/e-mail\/","name":"E-Mail Support Dienst | Pexly","isPartOf":{"@id":"https:\/\/old.pexly.com\/#website"},"datePublished":"2021-12-02T13:26:19+00:00","dateModified":"2023-05-04T16:55:23+00:00","description":"Mit dem E-Mail Support Dienst von Pexly k\u00f6nnen Sie die Konnektivit\u00e4t mit Ihren Kunden steigern. Unser E-Mail Support Team antwortet zeitnah und im Stil Ihres Unternehmens auf alle ihnen zugeteilten E-Mails.","breadcrumb":{"@id":"https:\/\/pexlysupport.com\/de\/omnikanal\/e-mail\/#breadcrumb"},"inLanguage":"de-DE","potentialAction":[{"@type":"ReadAction","target":["https:\/\/pexlysupport.com\/de\/omnikanal\/e-mail\/"]}]},{"@type":"BreadcrumbList","@id":"https:\/\/pexlysupport.com\/de\/omnikanal\/e-mail\/#breadcrumb","itemListElement":[{"@type":"ListItem","position":1,"name":"Omnikanal","item":"https:\/\/old.pexly.com\/de\/omnikanal\/"},{"@type":"ListItem","position":2,"name":"E-mail"}]},{"@type":"WebSite","@id":"https:\/\/old.pexly.com\/#website","url":"https:\/\/old.pexly.com\/","name":"Pexly OLD","description":"Get your own Customer support team","potentialAction":[{"@type":"SearchAction","target":{"@type":"EntryPoint","urlTemplate":"https:\/\/old.pexly.com\/?s={search_term_string}"},"query-input":{"@type":"PropertyValueSpecification","valueRequired":true,"valueName":"search_term_string"}}],"inLanguage":"de-DE"}]}},"_links":{"self":[{"href":"https:\/\/pexlysupport.com\/de\/wp-json\/wp\/v2\/pages\/9407","targetHints":{"allow":["GET"]}}],"collection":[{"href":"https:\/\/pexlysupport.com\/de\/wp-json\/wp\/v2\/pages"}],"about":[{"href":"https:\/\/pexlysupport.com\/de\/wp-json\/wp\/v2\/types\/page"}],"author":[{"embeddable":true,"href":"https:\/\/pexlysupport.com\/de\/wp-json\/wp\/v2\/users\/2"}],"replies":[{"embeddable":true,"href":"https:\/\/pexlysupport.com\/de\/wp-json\/wp\/v2\/comments?post=9407"}],"version-history":[{"count":5,"href":"https:\/\/pexlysupport.com\/de\/wp-json\/wp\/v2\/pages\/9407\/revisions"}],"predecessor-version":[{"id":9527,"href":"https:\/\/pexlysupport.com\/de\/wp-json\/wp\/v2\/pages\/9407\/revisions\/9527"}],"up":[{"embeddable":true,"href":"https:\/\/pexlysupport.com\/de\/wp-json\/wp\/v2\/pages\/9398"}],"wp:attachment":[{"href":"https:\/\/pexlysupport.com\/de\/wp-json\/wp\/v2\/media?parent=9407"}],"curies":[{"name":"wp","href":"https:\/\/api.w.org\/{rel}","templated":true}]}}